{"id":1546,"date":"2014-10-08T13:39:25","date_gmt":"2014-10-08T11:39:25","guid":{"rendered":"http:\/\/zephyr.us-themes.com\/"},"modified":"2025-02-10T18:21:12","modified_gmt":"2025-02-10T17:21:12","slug":"home","status":"publish","type":"page","link":"https:\/\/www.huglwimmer.at\/ca\/","title":{"rendered":"Home"},"content":{"rendered":"<section class=\"l-section wpb_row height_auto width_full color_alternate\"><div class=\"l-section-h i-cf\"><div class=\"g-cols vc_row via_flex valign_top type_default stacking_default\"><div class=\"vc_col-sm-12 wpb_column vc_column_container\"><div class=\"vc_column-inner\"><div class=\"wpb_wrapper\">[rev_slider_vc alias=&#8221;home&#8221;]<\/div><\/div><\/div><\/div><\/div><\/section><section class=\"l-section wpb_row height_medium\"><div class=\"l-section-h i-cf\"><div class=\"g-cols vc_row via_flex valign_top type_default stacking_default\"><div class=\"vc_col-sm-12 wpb_column vc_column_container\"><div class=\"vc_column-inner\"><div class=\"wpb_wrapper\"><div class=\"wpb_text_column\"><div class=\"wpb_wrapper\"><h1>S V\u00cdNEM PO GENERACE<\/h1>\n<\/div><\/div><div class=\"w-separator size_small\"><\/div><div class=\"wpb_text_column\"><div class=\"wpb_wrapper\"><p>M\u00edrn\u011b zvln\u011bn\u00e1 krajina Weinviertelu je domovem na\u0161ich v\u00edn. Jsme mlad\u00e9 rodinn\u00e9 vina\u0159stv\u00ed, kter\u00e9 je v\u0161ak ji\u017e po generace prov\u00e1zan\u00e9 s vinohradnictv\u00edm a v\u00fdrobou v\u00edna. D\u00edky vina\u0159sk\u00fdm podnik\u016fm na\u0161ich rodi\u010d\u016f n\u00e1m l\u00e1ska k v\u00ednu byla vlo\u017eena u\u017e do kol\u00e9bky, a hned bylo jasn\u00e9, \u017ee i my dva budeme pokra\u010dovat v t\u011bchto rodinn\u00fdch tradic\u00edch. Z\u00e1m\u011brn\u011b jsme se rozhodli pro spole\u010dn\u00e9 jm\u00e9no, a t\u00edm se spojily ob\u011b rodiny ve spole\u010dn\u00e9 vina\u0159stv\u00ed Hugl-Wimmer s na\u0161\u00edm osobn\u00edm rukopisem!<\/p>\n<p>Hlavn\u00ed pozornost v\u011bnujeme Veltl\u00ednsk\u00e9mu zelen\u00e9mu v cel\u00e9 jeho rozmanitosti. Na\u0161e rozmanit\u00e9 p\u016fdy a polohy n\u00e1m umo\u017e\u0148uj\u00ed p\u011bstovat a vyr\u00e1b\u011bt \u0161irok\u00fd Sortiment &#8211;\u00a0od nekomplikovan\u00e9ho, sv\u011b\u017e\u00edho v\u00edna pro b\u011b\u017enou spot\u0159ebu a\u017e po v\u00fdrazn\u00e1 intenzivn\u00ed p\u0159\u00edvlastkov\u00e1 v\u00edna.<\/p>\n<p>Nekomplikovan\u00ed, p\u0159\u00edmo\u010da\u0159\u00ed, mladistv\u00ed a ob\u010das trochu bl\u00e1zniv\u00ed \u2013 to jsme my \u2013 a to se skv\u011ble odr\u00e1\u017e\u00ed i v na\u0161ich v\u00ednech. Nab\u00edz\u00edme perfektn\u00ed vinn\u00e9 osv\u011b\u017een\u00ed pro ka\u017edou p\u0159\u00edle\u017eitost!<\/p>\n<\/div><\/div><div class=\"w-separator size_small\"><\/div><\/div><\/div><\/div><\/div><\/div><\/section>","protected":false},"excerpt":{"rendered":"[rev_slider_vc alias=\"home\"]S V\u00cdNEM PO GENERACE M\u00edrn\u011b zvln\u011bn\u00e1 krajina Weinviertelu je domovem na\u0161ich v\u00edn. Jsme mlad\u00e9 rodinn\u00e9 vina\u0159stv\u00ed, kter\u00e9 je v\u0161ak ji\u017e po generace prov\u00e1zan\u00e9 s vinohradnictv\u00edm a v\u00fdrobou v\u00edna. D\u00edky vina\u0159sk\u00fdm podnik\u016fm na\u0161ich rodi\u010d\u016f n\u00e1m l\u00e1ska k v\u00ednu byla vlo\u017eena u\u017e do kol\u00e9bky, a hned bylo jasn\u00e9, \u017ee i my dva budeme pokra\u010dovat v t\u011bchto...","protected":false},"author":1,"featured_media":0,"parent":0,"menu_order":0,"comment_status":"closed","ping_status":"closed","template":"","meta":{"footnotes":""},"class_list":["post-1546","page","type-page","status-publish","hentry"],"_links":{"self":[{"href":"https:\/\/www.huglwimmer.at\/ca\/wp-json\/wp\/v2\/pages\/1546","targetHints":{"allow":["GET"]}}],"collection":[{"href":"https:\/\/www.huglwimmer.at\/ca\/wp-json\/wp\/v2\/pages"}],"about":[{"href":"https:\/\/www.huglwimmer.at\/ca\/wp-json\/wp\/v2\/types\/page"}],"author":[{"embeddable":true,"href":"https:\/\/www.huglwimmer.at\/ca\/wp-json\/wp\/v2\/users\/1"}],"replies":[{"embeddable":true,"href":"https:\/\/www.huglwimmer.at\/ca\/wp-json\/wp\/v2\/comments?post=1546"}],"version-history":[{"count":54,"href":"https:\/\/www.huglwimmer.at\/ca\/wp-json\/wp\/v2\/pages\/1546\/revisions"}],"predecessor-version":[{"id":24660,"href":"https:\/\/www.huglwimmer.at\/ca\/wp-json\/wp\/v2\/pages\/1546\/revisions\/24660"}],"wp:attachment":[{"href":"https:\/\/www.huglwimmer.at\/ca\/wp-json\/wp\/v2\/media?parent=1546"}],"curies":[{"name":"wp","href":"https:\/\/api.w.org\/{rel}","templated":true}]}}