{"id":22697,"date":"2018-01-16T08:42:31","date_gmt":"2018-01-16T07:42:31","guid":{"rendered":"http:\/\/huglwimmer.at.cloud3-vm432.server-routing.com\/?page_id=22697"},"modified":"2026-04-23T16:38:51","modified_gmt":"2026-04-23T14:38:51","slug":"the-wine-estate-story","status":"publish","type":"page","link":"https:\/\/www.huglwimmer.at\/ca\/the-wine-estate-story\/","title":{"rendered":"POZNEJTE VINA\u0158STV\u00cd"},"content":{"rendered":"<section class=\"l-section wpb_row height_auto width_full color_alternate\"><div class=\"l-section-h i-cf\"><div class=\"g-cols vc_row via_flex valign_top type_default stacking_default\"><div class=\"vc_col-sm-12 wpb_column vc_column_container\"><div class=\"vc_column-inner\"><div class=\"wpb_wrapper\">[rev_slider_vc alias=&#8221;weingut-entdecken&#8221;]<\/div><\/div><\/div><\/div><\/div><\/section><section class=\"l-section wpb_row submenu height_auto color_footer-bottom type_sticky\"><div class=\"l-section-h i-cf\"><div class=\"g-cols vc_row via_flex valign_top type_default stacking_default\"><div class=\"vc_col-sm-12 wpb_column vc_column_container\"><div class=\"vc_column-inner\"><div class=\"wpb_wrapper\"><nav class=\"w-menu layout_hor style_blocks not_responsive us_menu_3\" style=\"--main-ver-indent:0.8em;--main-hor-indent:0.8em;--main-color:inherit;--main-active-bg-color:#000000;--main-active-color:#ffffff;\"><ul id=\"menu-submenu-weingut-entdecken-2\" class=\"menu\"><li class=\"menu-item menu-item-type-custom menu-item-object-custom menu-item-22701\"><a href=\"#familie\">RODINA<\/a><\/li><li class=\"menu-item menu-item-type-custom menu-item-object-custom menu-item-22703\"><a href=\"#keller\">SKLEP<\/a><\/li><li class=\"menu-item menu-item-type-custom menu-item-object-custom menu-item-22702\"><a href=\"#weingarten\">VINOHRADY<\/a><\/li><li class=\"menu-item menu-item-type-custom menu-item-object-custom menu-item-25032\"><a href=\"#nachhaltig\">Nachhaltig Austria<\/a><\/li><li class=\"menu-item menu-item-type-custom menu-item-object-custom menu-item-25033\"><a href=\"#weingartenhuette\">Weingartenh\u00fctte<\/a><\/li><li class=\"menu-item menu-item-type-custom menu-item-object-custom menu-item-25034\"><a href=\"#auszeichnungen\">Auszeichnungen<\/a><\/li><\/ul><\/nav><\/div><\/div><\/div><\/div><\/div><\/section><section class=\"l-section wpb_row height_medium\" id=\"familie\"><div class=\"l-section-h i-cf\"><div class=\"g-cols vc_row via_flex valign_top type_default stacking_default\"><div class=\"vc_col-sm-12 wpb_column vc_column_container\"><div class=\"vc_column-inner\"><div class=\"wpb_wrapper\"><div class=\"wpb_text_column\"><div class=\"wpb_wrapper\"><h1>V RODIN\u011a JE S\u00cdLA<\/h1>\n<\/div><\/div><div class=\"g-cols wpb_row via_flex valign_top type_default stacking_default\"><div class=\"vc_col-sm-6 wpb_column vc_column_container\"><div class=\"vc_column-inner\"><div class=\"wpb_wrapper\"><div class=\"wpb_text_column\"><div class=\"wpb_wrapper\"><p>Martin se vyu\u010dil vina\u0159sk\u00e9mu \u0159emeslu na AGRO-HAK a absolvoval Studium hospod\u00e1\u0159sk\u00fdch vztah\u016f. Od roku 2007 je v podniku zodpov\u011bdn\u00fd za vinifikaci ve sklep\u011b, za kontrolu kvality ve vinohradech a je prvn\u00ed kontaktn\u00ed osobou p\u0159i prodeji v\u00edna.<\/p>\n<p>Sylvia je absolventkou HBLA pro vinohradnictv\u00ed a ovocn\u00e1\u0159stv\u00ed v Klosterneuburgu. N\u00e1sledn\u011b je\u0161t\u011b absolvovala kurz Turistick\u00e9ho hospod\u00e1\u0159stv\u00ed na Ekonomick\u00e9 universit\u011b ve V\u00eddni. Star\u00e1 se o ochutn\u00e1vky, marketing, \u00fa\u010detnictv\u00ed a fakturaci, prezentace a prodej.<\/p>\n<p>V\u017edycky pe\u010dliv\u011b, sv\u011bdomit\u011b a s radost\u00ed n\u00e1m pom\u00e1haj\u00ed tak\u00e9 na\u0161e d\u011bv\u010data Valerie a Helena. Zvl\u00e1\u0161t\u011b p\u0159i ochutn\u00e1vk\u00e1ch ve vina\u0159stv\u00ed horliv\u011b nal\u00e9vaj\u00ed a p\u0159ikl\u00e1daj\u00ed ruku k d\u00edlu.<\/p>\n<p>M\u00e1me to pot\u011b\u0161en\u00ed, \u017ee m\u016f\u017eeme n\u00e1\u0161 t\u00fdm budovat s dlouholet\u00fdmi spolupracovn\u00edky. L\u00e1ska k v\u00ednu a p\u0159\u00edrod\u011b n\u00e1s spojuje.Tak jak se v ka\u017ed\u00e9 rodin\u011b pat\u0159\u00ed, spolupracuj\u00ed i rodi\u010de a sourozenci a p\u0159in\u00e1\u0161ej\u00ed i sv\u00e9 zku\u0161enosti. Bez jejich nasazen\u00ed a dovednost\u00ed by byl n\u00e1\u0161 \u00fasp\u011bch jen polovi\u010dn\u00ed!<\/p>\n<\/div><\/div><\/div><\/div><\/div><div class=\"vc_col-sm-6 wpb_column vc_column_container\"><div class=\"vc_column-inner\"><div class=\"wpb_wrapper\"><div class=\"w-image us_custom_b2452879 align_none\"><a ref=\"magnificPopup\" href=\"https:\/\/www.huglwimmer.at\/wp-content\/uploads\/2020\/06\/06-20-02.jpg\" aria-label=\"06-20-02\" class=\"w-image-h\"><img decoding=\"async\" width=\"768\" height=\"511\" src=\"https:\/\/www.huglwimmer.at\/wp-content\/uploads\/2020\/06\/06-20-02-768x511.jpg\" class=\"attachment-us_768_0 size-us_768_0\" alt=\"\" loading=\"lazy\" srcset=\"https:\/\/www.huglwimmer.at\/wp-content\/uploads\/2020\/06\/06-20-02.jpg 768w, https:\/\/www.huglwimmer.at\/wp-content\/uploads\/2020\/06\/06-20-02-300x200.jpg 300w\" sizes=\"auto, (max-width: 768px) 100vw, 768px\" \/><\/a><\/div><\/div><\/div><\/div><\/div><\/div><\/div><\/div><\/div><\/div><\/section><section class=\"l-section wpb_row height_auto\"><div class=\"l-section-h i-cf\"><div class=\"g-cols vc_row via_flex valign_top type_default stacking_default\"><div class=\"vc_col-sm-12 wpb_column vc_column_container\"><div class=\"vc_column-inner\"><div class=\"wpb_wrapper\"><div class=\"w-separator size_small with_line width_default thick_2 style_solid color_primary align_center\"><div class=\"w-separator-h\"><\/div><\/div><\/div><\/div><\/div><\/div><\/div><\/section><section class=\"l-section wpb_row height_medium\" id=\"weingarten\"><div class=\"l-section-h i-cf\"><div class=\"g-cols vc_row via_flex valign_top type_default stacking_default\"><div class=\"vc_col-sm-12 wpb_column vc_column_container\"><div class=\"vc_column-inner\"><div class=\"wpb_wrapper\"><div class=\"wpb_text_column\"><div class=\"wpb_wrapper\"><h1>KULTURN\u00cd P\u016eDA S P\u0158\u00cdRODN\u00cd HODNOTOU<\/h1>\n<\/div><\/div><div class=\"g-cols wpb_row via_flex valign_top type_default stacking_default\"><div class=\"vc_col-sm-6 wpb_column vc_column_container\"><div class=\"vc_column-inner\"><div class=\"wpb_wrapper\"><div class=\"wpb_text_column\"><div class=\"wpb_wrapper\"><p>Na\u0161e v\u00edna pod\u00e1vaj\u00ed sv\u011bdectv\u00ed o jejich p\u016fvodu. Tato zem\u011b, polohy a podlo\u017e\u00ed jim poskytuj\u00ed to, co je formuje, ovliv\u0148uje a charakterizuje. Vinohrady se rozkl\u00e1daj\u00ed v okruhu 3 km kolem Poysdorfu. I p\u0159es bl\u00edzkost soused\u00edc\u00edch ploch zde najdeme rozd\u00edly v bonit\u00e1ch p\u016fdy. Terroir na\u0161ich poloh obsahuje od lehk\u00fdch p\u00edskovit\u00fdch podlo\u017e\u00ed v severn\u00edch poloh\u00e1ch, p\u0159es st\u0159edn\u011b t\u011b\u017ek\u00e9 hlinit\u00e9 p\u016fdy a\u017e po t\u011b\u017ek\u00e9 j\u00edlovitohlinit\u00e9 p\u016fdy.<\/p>\n<p>Pracujeme ruku v ruce s p\u0159\u00edrodou. Je pro n\u00e1s zvl\u00e1\u0161t\u011b d\u016fle\u017eit\u00e9 \u0161etrn\u00e9 obd\u011bl\u00e1v\u00e1n\u00ed p\u016fdy, maxim\u00e1ln\u00ed ochrana rostlin, ozele\u0148ov\u00e1n\u00ed mezi \u0159\u00e1dky kv\u016fli \u017eivotn\u00edmu prostoru pro u\u017eite\u010dn\u00fd hmyz a kv\u016fli vit\u00e1ln\u00ed a zdrav\u00e9 p\u016fd\u011b. To v\u0161e pro zaji\u0161t\u011bn\u00ed dobr\u00e9 kvality hrozn\u016f a hlavn\u011b z d\u016fvodu na\u0161i p\u016fdu ochra\u0148ovat!<\/p>\n<p>Polohy pro na\u0161e vinn\u00e9 odr\u016fdy vol\u00edme velmi pe\u010dliv\u011b podle charakteru p\u016fdy a podle st\u00e1vaj\u00edc\u00edho klimatu. Jen, pokud se r\u00e9v\u011b na tomto m\u00edst\u011b dob\u0159e da\u0159\u00ed, bude n\u00e1m d\u00e1vat tu nejlep\u0161\u00ed surovinu a obdaruje n\u00e1s charakterov\u011b siln\u00fdmi a v\u00fdrazn\u00fdmi v\u00edny, takov\u00fdmi, kter\u00fdch si v\u00e1\u017e\u00edme a na kter\u00e9 jsme hrd\u00ed.<\/p>\n<p>Na\u0161e polohy: Waldberg, Zapfenberg, R\u00f6sselberg, Hermannschachern, Junge Geringen, Alte Geringen<\/p>\n<\/div><\/div><\/div><\/div><\/div><div class=\"vc_col-sm-6 wpb_column vc_column_container\"><div class=\"vc_column-inner\"><div class=\"wpb_wrapper\"><div class=\"w-image us_custom_b2452879 align_none\"><a ref=\"magnificPopup\" href=\"https:\/\/www.huglwimmer.at\/wp-content\/uploads\/2018\/01\/weingut-entdecken_2.jpg\" aria-label=\"weingut-entdecken_2\" class=\"w-image-h\"><img decoding=\"async\" width=\"768\" height=\"511\" src=\"https:\/\/www.huglwimmer.at\/wp-content\/uploads\/2018\/01\/weingut-entdecken_2-768x511.jpg\" class=\"attachment-us_768_0 size-us_768_0\" alt=\"\" loading=\"lazy\" srcset=\"https:\/\/www.huglwimmer.at\/wp-content\/uploads\/2018\/01\/weingut-entdecken_2-768x511.jpg 768w, https:\/\/www.huglwimmer.at\/wp-content\/uploads\/2018\/01\/weingut-entdecken_2-300x200.jpg 300w, https:\/\/www.huglwimmer.at\/wp-content\/uploads\/2018\/01\/weingut-entdecken_2.jpg 800w\" sizes=\"auto, (max-width: 768px) 100vw, 768px\" \/><\/a><\/div><\/div><\/div><\/div><\/div><\/div><\/div><\/div><\/div><\/div><\/section><section class=\"l-section wpb_row height_auto\"><div class=\"l-section-h i-cf\"><div class=\"g-cols vc_row via_flex valign_top type_default stacking_default\"><div class=\"vc_col-sm-12 wpb_column vc_column_container\"><div class=\"vc_column-inner\"><div class=\"wpb_wrapper\"><div class=\"w-separator size_small with_line width_default thick_2 style_solid color_primary align_center\"><div class=\"w-separator-h\"><\/div><\/div><\/div><\/div><\/div><\/div><\/div><\/section><section class=\"l-section wpb_row height_medium\" id=\"keller\"><div class=\"l-section-h i-cf\"><div class=\"g-cols vc_row via_flex valign_top type_default stacking_default\"><div class=\"vc_col-sm-12 wpb_column vc_column_container\"><div class=\"vc_column-inner\"><div class=\"wpb_wrapper\"><div class=\"wpb_text_column\"><div class=\"wpb_wrapper\"><h1>V\u00cdNEM V PR\u016eB\u011aHU \u010cASU<\/h1>\n<\/div><\/div><div class=\"g-cols wpb_row via_flex valign_top type_default stacking_default\"><div class=\"vc_col-sm-6 wpb_column vc_column_container\"><div class=\"vc_column-inner\"><div class=\"wpb_wrapper\"><div class=\"wpb_text_column\"><div class=\"wpb_wrapper\"><p>P\u0159edpokladem pro \u0161etrn\u00e9 zach\u00e1zen\u00ed s hrozny a mo\u0161ty je vybaven\u00ed nejmodern\u011bj\u0161\u00ed sklepn\u00ed technikou a za\u0159\u00edzen\u00edm. Tak m\u016f\u017eeme p\u0159iv\u00e9st kvalitu a chu\u0165 hroznu a\u017e do skleni\u010dky.<\/p>\n<p>Po n\u011bkolikalet\u00e9m pl\u00e1nov\u00e1n\u00ed jsme si v roce 2014 splnili n\u00e1\u0161 sen a postavili jsme nov\u00e9 sklepn\u00ed hospod\u00e1\u0159stv\u00ed. V\u0161e ve vina\u0159stv\u00ed &#8211; od p\u0159\u00edjmu hrozn\u016f, pln\u011bn\u00ed a\u017e po sklad lahv\u00ed a prezenta\u010dn\u00ed m\u00edstnost &#8211; zaz\u00e1\u0159ilo nov\u00fdm leskem.<\/p>\n<p>B\u00edl\u00e1 v\u00edna kvas\u00ed p\u0159i teplotn\u011b \u0159\u00edzen\u00e9m kva\u0161en\u00ed, aby si zachovala sv\u011b\u017e\u00ed ovocnost. Zr\u00e1n\u00ed prob\u00edh\u00e1 p\u0159ev\u00e1\u017en\u011b v nerezov\u00fdch tanc\u00edch. \u010cerven\u00e1 v\u00edna prokv\u00e1\u0161ej\u00ed se slupkami a my jim pak nech\u00e1v\u00e1me dostatek \u010dasu, aby mohla dos\u00e1hnout po\u017eadovan\u00e9 zralosti ve velk\u00fdch dubov\u00fdch sudech.<\/p>\n<\/div><\/div><\/div><\/div><\/div><div class=\"vc_col-sm-6 wpb_column vc_column_container\"><div class=\"vc_column-inner\"><div class=\"wpb_wrapper\"><div class=\"w-image us_custom_b2452879 align_none\"><a ref=\"magnificPopup\" href=\"https:\/\/www.huglwimmer.at\/wp-content\/uploads\/2018\/01\/weingut-entdecken_3-1.jpg\" aria-label=\"weingut-entdecken_3\" class=\"w-image-h\"><img decoding=\"async\" width=\"768\" height=\"507\" src=\"https:\/\/www.huglwimmer.at\/wp-content\/uploads\/2018\/01\/weingut-entdecken_3-1-768x507.jpg\" class=\"attachment-us_768_0 size-us_768_0\" alt=\"\" loading=\"lazy\" srcset=\"https:\/\/www.huglwimmer.at\/wp-content\/uploads\/2018\/01\/weingut-entdecken_3-1-768x507.jpg 768w, https:\/\/www.huglwimmer.at\/wp-content\/uploads\/2018\/01\/weingut-entdecken_3-1-300x198.jpg 300w, https:\/\/www.huglwimmer.at\/wp-content\/uploads\/2018\/01\/weingut-entdecken_3-1.jpg 800w\" sizes=\"auto, (max-width: 768px) 100vw, 768px\" \/><\/a><\/div><\/div><\/div><\/div><\/div><\/div><\/div><\/div><\/div><\/div><\/section>","protected":false},"excerpt":{"rendered":"[rev_slider_vc alias=\"weingut-entdecken\"]RODINASKLEPVINOHRADYNachhaltig AustriaWeingartenh\u00fctteAuszeichnungenV RODIN\u011a JE S\u00cdLA Martin se vyu\u010dil vina\u0159sk\u00e9mu \u0159emeslu na AGRO-HAK a absolvoval Studium hospod\u00e1\u0159sk\u00fdch vztah\u016f. Od roku 2007 je v podniku zodpov\u011bdn\u00fd za vinifikaci ve sklep\u011b, za kontrolu kvality ve vinohradech a je prvn\u00ed kontaktn\u00ed osobou p\u0159i prodeji v\u00edna. Sylvia je absolventkou HBLA pro vinohradnictv\u00ed a ovocn\u00e1\u0159stv\u00ed v Klosterneuburgu. N\u00e1sledn\u011b je\u0161t\u011b absolvovala...","protected":false},"author":1,"featured_media":0,"parent":0,"menu_order":0,"comment_status":"closed","ping_status":"closed","template":"","meta":{"footnotes":""},"class_list":["post-22697","page","type-page","status-publish","hentry"],"_links":{"self":[{"href":"https:\/\/www.huglwimmer.at\/ca\/wp-json\/wp\/v2\/pages\/22697","targetHints":{"allow":["GET"]}}],"collection":[{"href":"https:\/\/www.huglwimmer.at\/ca\/wp-json\/wp\/v2\/pages"}],"about":[{"href":"https:\/\/www.huglwimmer.at\/ca\/wp-json\/wp\/v2\/types\/page"}],"author":[{"embeddable":true,"href":"https:\/\/www.huglwimmer.at\/ca\/wp-json\/wp\/v2\/users\/1"}],"replies":[{"embeddable":true,"href":"https:\/\/www.huglwimmer.at\/ca\/wp-json\/wp\/v2\/comments?post=22697"}],"version-history":[{"count":102,"href":"https:\/\/www.huglwimmer.at\/ca\/wp-json\/wp\/v2\/pages\/22697\/revisions"}],"predecessor-version":[{"id":25207,"href":"https:\/\/www.huglwimmer.at\/ca\/wp-json\/wp\/v2\/pages\/22697\/revisions\/25207"}],"wp:attachment":[{"href":"https:\/\/www.huglwimmer.at\/ca\/wp-json\/wp\/v2\/media?parent=22697"}],"curies":[{"name":"wp","href":"https:\/\/api.w.org\/{rel}","templated":true}]}}