{"id":22804,"date":"2018-01-26T08:20:26","date_gmt":"2018-01-26T07:20:26","guid":{"rendered":"http:\/\/huglwimmer.at.cloud3-vm432.server-routing.com\/?page_id=22804"},"modified":"2026-01-15T18:05:16","modified_gmt":"2026-01-15T17:05:16","slug":"weinviertel","status":"publish","type":"page","link":"https:\/\/www.huglwimmer.at\/ca\/weinviertel\/","title":{"rendered":"Weinviertel"},"content":{"rendered":"<section class=\"l-section wpb_row height_auto width_full color_alternate\"><div class=\"l-section-h i-cf\"><div class=\"g-cols vc_row via_flex valign_top type_default stacking_default\"><div class=\"vc_col-sm-12 wpb_column vc_column_container\"><div class=\"vc_column-inner\"><div class=\"wpb_wrapper\">[rev_slider_vc alias=&#8221;weinviertel&#8221;]<\/div><\/div><\/div><\/div><\/div><\/section><section class=\"l-section wpb_row submenu height_auto color_footer-bottom type_sticky\"><div class=\"l-section-h i-cf\"><div class=\"g-cols vc_row via_flex valign_top type_default stacking_default\"><div class=\"vc_col-sm-12 wpb_column vc_column_container\"><div class=\"vc_column-inner\"><div class=\"wpb_wrapper\"><nav class=\"w-menu layout_hor style_blocks not_responsive us_menu_3\" style=\"--main-ver-indent:0.8em;--main-hor-indent:0.8em;--main-color:inherit;--main-active-bg-color:#000000;--main-active-color:#ffffff;\"><ul id=\"menu-submenu-weinviertel-2\" class=\"menu\"><li class=\"menu-item menu-item-type-custom menu-item-object-custom menu-item-23048\"><a href=\"#heimatland\">ZEMI UKRYTO<\/a><\/li><li class=\"menu-item menu-item-type-custom menu-item-object-custom menu-item-23051\"><a href=\"#weinviertel\">WEINVIERTEL DAC<\/a><\/li><li class=\"menu-item menu-item-type-custom menu-item-object-custom menu-item-23186\"><a href=\"#weinviertel-tour\">WEINVIERTEL TOUR<\/a><\/li><\/ul><\/nav><\/div><\/div><\/div><\/div><\/div><\/section><section class=\"l-section wpb_row height_medium\" id=\"heimatland\"><div class=\"l-section-h i-cf\"><div class=\"g-cols vc_row via_flex valign_top type_default stacking_default\"><div class=\"vc_col-sm-12 wpb_column vc_column_container\"><div class=\"vc_column-inner\"><div class=\"wpb_wrapper\"><div class=\"wpb_text_column\"><div class=\"wpb_wrapper\"><h1>V RODN\u00c9 ZEMI UKRYTO<\/h1>\n<\/div><\/div><div class=\"g-cols wpb_row via_flex valign_top type_default stacking_default\"><div class=\"vc_col-sm-6 wpb_column vc_column_container\"><div class=\"vc_column-inner\"><div class=\"wpb_wrapper\"><div class=\"wpb_text_column\"><div class=\"wpb_wrapper\"><p>S rozlohou vinohrad\u016f okolo 13 000 ha je Weinviertel nejv\u011bt\u0161\u00ed vina\u0159skou oblast\u00ed Rakouska. P\u0159ibli\u017en\u011b 50 km severn\u011b od V\u00eddn\u011b le\u017e\u00ed vina\u0159sk\u00e9 m\u011bsto Poysdorf, domov na\u0161ich v\u00edn. U\u017e od 15. stolet\u00ed se v tomto kraji vina\u0159\u00ed. Vydatn\u00e9 hlinit\u00e9 a j\u00edlovit\u00e9 podlo\u017e\u00ed, m\u00edrn\u011b zvln\u011bn\u00e9 polohy, mnoho slune\u010dn\u00edch hodin a tak\u00e9 odpov\u00eddaj\u00edc\u00ed tepeln\u00e9 rozd\u00edly mezi dnem a noc\u00ed poskytuj\u00ed ide\u00e1ln\u00ed podm\u00ednky pro nezam\u011bniteln\u00e1 ovocit\u00e1 v\u00edna, p\u0159edev\u0161\u00edm pro Veltl\u00ednsk\u00e9 zelen\u00e9.<\/p>\n<\/div><\/div><\/div><\/div><\/div><div class=\"vc_col-sm-6 wpb_column vc_column_container\"><div class=\"vc_column-inner\"><div class=\"wpb_wrapper\"><div class=\"w-image us_custom_b2452879 align_none\"><a ref=\"magnificPopup\" href=\"https:\/\/www.huglwimmer.at\/wp-content\/uploads\/2018\/02\/weinviertel_1.jpg\" aria-label=\"weinviertel_1\" class=\"w-image-h\"><img decoding=\"async\" width=\"768\" height=\"507\" src=\"https:\/\/www.huglwimmer.at\/wp-content\/uploads\/2018\/02\/weinviertel_1-768x507.jpg\" class=\"attachment-us_768_0 size-us_768_0\" alt=\"\" loading=\"lazy\" srcset=\"https:\/\/www.huglwimmer.at\/wp-content\/uploads\/2018\/02\/weinviertel_1-768x507.jpg 768w, https:\/\/www.huglwimmer.at\/wp-content\/uploads\/2018\/02\/weinviertel_1-300x198.jpg 300w, https:\/\/www.huglwimmer.at\/wp-content\/uploads\/2018\/02\/weinviertel_1.jpg 800w\" sizes=\"auto, (max-width: 768px) 100vw, 768px\" \/><\/a><\/div><\/div><\/div><\/div><\/div><\/div><\/div><\/div><\/div><\/div><\/section><section class=\"l-section wpb_row height_auto\"><div class=\"l-section-h i-cf\"><div class=\"g-cols vc_row via_flex valign_top type_default stacking_default\"><div class=\"vc_col-sm-12 wpb_column vc_column_container\"><div class=\"vc_column-inner\"><div class=\"wpb_wrapper\"><div class=\"w-separator size_small with_line width_default thick_2 style_solid color_primary align_center\"><div class=\"w-separator-h\"><\/div><\/div><\/div><\/div><\/div><\/div><\/div><\/section><section class=\"l-section wpb_row height_medium\" id=\"weinviertel\"><div class=\"l-section-h i-cf\"><div class=\"g-cols vc_row via_flex valign_top type_default stacking_default\"><div class=\"vc_col-sm-12 wpb_column vc_column_container\"><div class=\"vc_column-inner\"><div class=\"wpb_wrapper\"><div class=\"wpb_text_column\"><div class=\"wpb_wrapper\"><h1>Weinviertel DAC \u2013 Veltl\u00ednsk\u00e9 zelen\u00e9<\/h1>\n<\/div><\/div><div class=\"g-cols wpb_row via_flex valign_top type_default stacking_default\"><div class=\"vc_col-sm-6 wpb_column vc_column_container\"><div class=\"vc_column-inner\"><div class=\"wpb_wrapper\"><div class=\"wpb_text_column\"><div class=\"wpb_wrapper\"><p>Weinviertel DAC ozna\u010duje typick\u00fd a nezam\u011bniteln\u00fd charakter Veltl\u00ednsk\u00e9ho zelen\u00e9ho z Weinviertelu s jeho obl\u00edbenou pep\u0159natou chut\u00ed. DAC znamen\u00e1 \u201cDistrictus Austriae Controllatus\u201d nebo-li \u201ckontrolovan\u00e9 rakousk\u00e9 ozna\u010den\u00ed p\u016fvodu\u201d. Weinviertel DAC m\u016f\u017ee b\u00fdt pouze to Veltl\u00ednsk\u00e9 zelen\u00e9, kter\u00e9 p\u0159i degustaci naslepo\/nez\u00e1vislou vina\u0159skou komis\u00ed\/ prok\u00e1\u017ee, \u017ee vykazuje typicky region\u00e1ln\u00ed charakter.<\/p>\n<p>Prav\u00e9 Veltl\u00ednsk\u00e9 zelen\u00e9 z Weinviertelu si m\u016f\u017eete samoz\u0159ejm\u011b vychutnat s\u00f3lo, ale je tak\u00e9 ide\u00e1ln\u00edm v\u00ednem jak k vegetari\u00e1nsk\u00fdm j\u00eddl\u016fm, tak ke ko\u0159en\u011bn\u00fdm j\u00eddl\u016fm asijsk\u00e9 kuchyn\u011b a dal\u0161\u00edch etno-kuchyn\u00ed a rovn\u011b\u017e samoz\u0159ejm\u011b ke klasik\u016fm rakousk\u00e9 kuchyn\u011b &#8211; od oblo\u017een\u00fdch studen\u00fdch m\u00eds, p\u0159es \u201c\u0161unkofleky\u201d a\u017e po v\u00edde\u0148sk\u00fd \u0159\u00edzek.<br \/>\nDal\u0161\u00ed informace o Weinviertel DAC<\/p>\n<\/div><\/div><\/div><\/div><\/div><div class=\"vc_col-sm-6 wpb_column vc_column_container\"><div class=\"vc_column-inner\"><div class=\"wpb_wrapper\"><div class=\"w-image us_custom_b2452879 align_none\"><a ref=\"magnificPopup\" href=\"https:\/\/www.huglwimmer.at\/wp-content\/uploads\/2018\/02\/weinviertel_2.jpg\" aria-label=\"weinviertel_2\" class=\"w-image-h\"><img decoding=\"async\" width=\"768\" height=\"507\" src=\"https:\/\/www.huglwimmer.at\/wp-content\/uploads\/2018\/02\/weinviertel_2-768x507.jpg\" class=\"attachment-us_768_0 size-us_768_0\" alt=\"\" loading=\"lazy\" srcset=\"https:\/\/www.huglwimmer.at\/wp-content\/uploads\/2018\/02\/weinviertel_2-768x507.jpg 768w, https:\/\/www.huglwimmer.at\/wp-content\/uploads\/2018\/02\/weinviertel_2-300x198.jpg 300w, https:\/\/www.huglwimmer.at\/wp-content\/uploads\/2018\/02\/weinviertel_2.jpg 800w\" sizes=\"auto, (max-width: 768px) 100vw, 768px\" \/><\/a><\/div><\/div><\/div><\/div><\/div><\/div><\/div><\/div><\/div><\/div><\/section><section class=\"l-section wpb_row height_auto\"><div class=\"l-section-h i-cf\"><div class=\"g-cols vc_row via_flex valign_top type_default stacking_default\"><div class=\"vc_col-sm-12 wpb_column vc_column_container\"><div class=\"vc_column-inner\"><div class=\"wpb_wrapper\"><div class=\"w-separator size_small with_line width_default thick_2 style_solid color_primary align_center\"><div class=\"w-separator-h\"><\/div><\/div><\/div><\/div><\/div><\/div><\/div><\/section><section class=\"l-section wpb_row height_medium\" id=\"weinviertel-tour\"><div class=\"l-section-h i-cf\"><div class=\"g-cols vc_row via_flex valign_top type_default stacking_default\"><div class=\"vc_col-sm-12 wpb_column vc_column_container\"><div class=\"vc_column-inner\"><div class=\"wpb_wrapper\"><div class=\"wpb_text_column\"><div class=\"wpb_wrapper\"><h1>Weinviertel-Tour<\/h1>\n<\/div><\/div><div class=\"g-cols wpb_row via_flex valign_top type_default stacking_default\"><div class=\"vc_col-sm-6 wpb_column vc_column_container\"><div class=\"vc_column-inner\"><div class=\"wpb_wrapper\"><div class=\"wpb_text_column\"><div class=\"wpb_wrapper\"><p>M\u00e1te chu\u0165 zajet si do Weinviertelu?<br \/>\nJasn\u011b, \u017ee se zde v\u0161e to\u010d\u00ed kolem v\u00edna! Tuto zvln\u011bnou vina\u0159skou krajinu je nejl\u00e9pe pozn\u00e1vat p\u0159i proch\u00e1zk\u00e1ch nebo proj\u00ed\u017e\u010fk\u00e1ch na kole po vyzna\u010den\u00fdch turistick\u00fdch stezk\u00e1ch. Romantick\u00e9, idylick\u00e9 sklepn\u00ed uli\u010dky l\u00e1kaj\u00ed chv\u00edli pob\u00fdt. Vina\u0159i m\u011bsta Poysdorfu otev\u00edraj\u00ed od jara do podzimu svoje sklepy a t\u011b\u0161\u00ed se, \u017ee mohou prezentovat svoje v\u00edna. Poysdorf nab\u00edz\u00ed mnoho rozmanit\u00fdch program\u016f pro milovn\u00edky v\u00edna, milovn\u00edky p\u0159\u00edrody a rodiny: od komentovan\u00fdch prohl\u00eddek sklepn\u00edch uli\u010dek a okru\u017en\u00edch j\u00edzd m\u011bstem p\u0159es prohl\u00eddky ve \u201eSv\u011bt\u011b v\u00edna a hrozn\u016f\u201c a\u017e po vyj\u00ed\u017e\u010fky na star\u00fdch traktorech, kdy se host m\u016f\u017ee s\u00e1m kodrcat po vina\u0159sk\u00e9 krajin\u011b.<br \/>\nDownload vom<br \/>\n<a href=\"https:\/\/www.huglwimmer.at\/wp-content\/uploads\/2020\/01\/VV_Katalog2020_DE_smll.pdf\" target=\"_blank\" rel=\"noopener noreferrer\">St\u00e1hnoutkatalog 2020<\/a><br \/>\nBli\u017e\u0161\u00ed informace o kompletn\u00ed turistick\u00e9 nab\u00eddce na<br \/>\n<a href=\"http:\/\/www.vinoversum.at\" target=\"_blank\" rel=\"noopener noreferrer\">www.vinoversum.at<\/a><br \/>\nnebocel\u00fd Weinviertel na<br \/>\n<a href=\"http:\/\/www.weinviertel.at\" target=\"_blank\" rel=\"noopener noreferrer\">www.weinviertel.at<\/a><\/p>\n<\/div><\/div><\/div><\/div><\/div><div class=\"vc_col-sm-6 wpb_column vc_column_container\"><div class=\"vc_column-inner\"><div class=\"wpb_wrapper\"><div class=\"w-image us_custom_b2452879 align_none\"><a ref=\"magnificPopup\" href=\"https:\/\/www.huglwimmer.at\/wp-content\/uploads\/2018\/03\/weinviertel_4.jpg\" aria-label=\"weinviertel_4\" class=\"w-image-h\"><img decoding=\"async\" width=\"768\" height=\"507\" src=\"https:\/\/www.huglwimmer.at\/wp-content\/uploads\/2018\/03\/weinviertel_4-768x507.jpg\" class=\"attachment-us_768_0 size-us_768_0\" alt=\"\" loading=\"lazy\" srcset=\"https:\/\/www.huglwimmer.at\/wp-content\/uploads\/2018\/03\/weinviertel_4.jpg 768w, https:\/\/www.huglwimmer.at\/wp-content\/uploads\/2018\/03\/weinviertel_4-300x198.jpg 300w\" sizes=\"auto, (max-width: 768px) 100vw, 768px\" \/><\/a><\/div><\/div><\/div><\/div><\/div><\/div><\/div><\/div><\/div><\/div><\/section><section class=\"l-section wpb_row height_auto\"><div class=\"l-section-h i-cf\"><div class=\"g-cols vc_row via_flex valign_top type_default stacking_default\"><div class=\"vc_col-sm-12 wpb_column vc_column_container\"><div class=\"vc_column-inner\"><div class=\"wpb_wrapper\"><\/div><\/div><\/div><\/div><\/div><\/section>","protected":false},"excerpt":{"rendered":"[rev_slider_vc alias=\"weinviertel\"]ZEMI UKRYTOWEINVIERTEL DACWEINVIERTEL TOURV RODN\u00c9 ZEMI UKRYTO S rozlohou vinohrad\u016f okolo 13 000 ha je Weinviertel nejv\u011bt\u0161\u00ed vina\u0159skou oblast\u00ed Rakouska. P\u0159ibli\u017en\u011b 50 km severn\u011b od V\u00eddn\u011b le\u017e\u00ed vina\u0159sk\u00e9 m\u011bsto Poysdorf, domov na\u0161ich v\u00edn. U\u017e od 15. stolet\u00ed se v tomto kraji vina\u0159\u00ed. Vydatn\u00e9 hlinit\u00e9 a j\u00edlovit\u00e9 podlo\u017e\u00ed, m\u00edrn\u011b zvln\u011bn\u00e9 polohy, mnoho slune\u010dn\u00edch hodin a...","protected":false},"author":1,"featured_media":0,"parent":0,"menu_order":0,"comment_status":"closed","ping_status":"closed","template":"","meta":{"footnotes":""},"class_list":["post-22804","page","type-page","status-publish","hentry"],"_links":{"self":[{"href":"https:\/\/www.huglwimmer.at\/ca\/wp-json\/wp\/v2\/pages\/22804","targetHints":{"allow":["GET"]}}],"collection":[{"href":"https:\/\/www.huglwimmer.at\/ca\/wp-json\/wp\/v2\/pages"}],"about":[{"href":"https:\/\/www.huglwimmer.at\/ca\/wp-json\/wp\/v2\/types\/page"}],"author":[{"embeddable":true,"href":"https:\/\/www.huglwimmer.at\/ca\/wp-json\/wp\/v2\/users\/1"}],"replies":[{"embeddable":true,"href":"https:\/\/www.huglwimmer.at\/ca\/wp-json\/wp\/v2\/comments?post=22804"}],"version-history":[{"count":51,"href":"https:\/\/www.huglwimmer.at\/ca\/wp-json\/wp\/v2\/pages\/22804\/revisions"}],"predecessor-version":[{"id":25011,"href":"https:\/\/www.huglwimmer.at\/ca\/wp-json\/wp\/v2\/pages\/22804\/revisions\/25011"}],"wp:attachment":[{"href":"https:\/\/www.huglwimmer.at\/ca\/wp-json\/wp\/v2\/media?parent=22804"}],"curies":[{"name":"wp","href":"https:\/\/api.w.org\/{rel}","templated":true}]}}