{"id":22806,"date":"2018-01-26T08:30:49","date_gmt":"2018-01-26T07:30:49","guid":{"rendered":"http:\/\/huglwimmer.at.cloud3-vm432.server-routing.com\/?page_id=22806"},"modified":"2023-03-13T12:46:56","modified_gmt":"2023-03-13T11:46:56","slug":"impressum","status":"publish","type":"page","link":"https:\/\/www.huglwimmer.at\/ca\/impressum\/","title":{"rendered":"Impressum"},"content":{"rendered":"<section class=\"l-section wpb_row height_auto width_full color_alternate\"><div class=\"l-section-h i-cf\"><div class=\"g-cols vc_row via_flex valign_top type_default stacking_default\"><div class=\"vc_col-sm-12 wpb_column vc_column_container\"><div class=\"vc_column-inner\"><div class=\"wpb_wrapper\">[rev_slider_vc alias=&#8221;impressum&#8221;]<\/div><\/div><\/div><\/div><\/div><\/section><section class=\"l-section wpb_row height_medium\" id=\"familie\"><div class=\"l-section-h i-cf\"><div class=\"g-cols vc_row via_flex valign_top type_default stacking_default\"><div class=\"vc_col-sm-12 wpb_column vc_column_container\"><div class=\"vc_column-inner\"><div class=\"wpb_wrapper\"><div class=\"wpb_text_column\"><div class=\"wpb_wrapper\"><h1>Impressum<\/h1>\n<\/div><\/div><div class=\"g-cols wpb_row via_flex valign_top type_default stacking_default\"><div class=\"vc_col-sm-6 wpb_column vc_column_container\"><div class=\"vc_column-inner\"><div class=\"wpb_wrapper\"><div class=\"wpb_text_column\"><div class=\"wpb_wrapper\"><h3>F\u00fcr den Inhalt verantwortlich<\/h3>\n<h4>Weinkellerei Hugl-Wimmer GmbH<\/h4>\n<p>Auf der Schanz 28<br \/>\n2170 Poysdorf<br \/>\nTel.: + 2552\/20369<br \/>\nFax.: DW 1<br \/>\nE-Mail: <a href=\"mailto:office@huglwimmer.at\">office@huglwimmer.at<\/a><\/p>\n<p>Online-Streitbeilegung gem\u00e4\u00df Art. 14 Abs. 1 ODR-VO: Die Europ\u00e4ische Kommission stellt eine Plattform zur Online-Streitbeilegung (OS) unter<br \/>\n<a href=\"https:\/\/ec.europa.eu\/consumers\/odr\/main\/index.cfm?event=main.home.chooseLanguage\" target=\"_blank\" rel=\"noopener\">https:\/\/ec.europa.eu\/consumers\/odr\/<\/a> bereit.<\/p>\n<p><a href=\"https:\/\/firmen.wko.at\/weinkellerei-hugl-wimmer-gmbh\/nieder%c3%b6sterreich\/?firmaid=295d1914-baa8-4b31-8c1a-06b9881c74dd&amp;suchbegriff=hugl%20wimmer\" target=\"_blank\" rel=\"noopener\">Informationspflicht lt. ECG und Mediengesetz auf wko.at<\/a><\/p>\n<p><strong>Fotonachweise<\/strong><\/p>\n<p>Layout &amp; Konzeption: Ingrid Beisser<br \/>\nEntwicklung &amp; Umsetzung:<br \/>\nFotos: Steve Haider<br \/>\nMichael Himml<br \/>\nPoysdorf Tourismus\/M. Loizenbauer<br \/>\nProgrammierung &amp; Webdesign: Lifedesign \u2013 Gerald Hintersteiner<\/p>\n<p><strong>Copyright\/Haftungsausschluss<\/strong><\/p>\n<p>Inhalte (Bilder und Texte) dieser Website d\u00fcrfen ohne ausdr\u00fcckliche Zustimmung nicht f\u00fcr \u00fcber diese Website hinausgehende Zwecke verwendet werden.<br \/>\nDie Weinkellerei Hugl-Wimmer \u00fcbernimmt keine Haftung f\u00fcr Datenverlust oder andere technische Beeintr\u00e4chtigungen, die beim Betrachten oder Herunterladen von Daten dieser Website entstehen k\u00f6nnen.<\/p>\n<p>Links zu Websites Dritter werden ausschliesslich als Angebot f\u00fcr den Nutzer zur Verf\u00fcgung gestellt. Damit verbunden ist keine Billigung des Inhalts dieser Websites durch die Weinkellerei Hugl-Wimmer. Die Weinkellerei Hugl-Wimmer ist f\u00fcr den Inhalt dieser Websites nicht verantwortlich und steht daher auch nicht f\u00fcr den Inhalt und die Genauigkeit der Informationen auf diesen Websites ein. Jeder Zugriff auf diese Websites erfolgt auf eigene Verantwortung des Nutzers.<\/p>\n<p>Irrt\u00fcmer und \u00c4nderungen vorbehalten.<\/p>\n<\/div><\/div><\/div><\/div><\/div><div class=\"vc_col-sm-6 wpb_column vc_column_container\"><div class=\"vc_column-inner\"><div class=\"wpb_wrapper\"><\/div><\/div><\/div><\/div><\/div><\/div><\/div><\/div><\/div><\/section><section class=\"l-section wpb_row height_auto\"><div class=\"l-section-h i-cf\"><div class=\"g-cols vc_row via_flex valign_top type_default stacking_default\"><div class=\"vc_col-sm-12 wpb_column vc_column_container\"><div class=\"vc_column-inner\"><div class=\"wpb_wrapper\"><div class=\"w-separator size_small with_line width_default thick_2 style_solid color_primary align_center\"><div class=\"w-separator-h\"><\/div><\/div><\/div><\/div><\/div><\/div><\/div><\/section>","protected":false},"excerpt":{"rendered":"[rev_slider_vc alias=\"impressum\"]Impressum F\u00fcr den Inhalt verantwortlich Weinkellerei Hugl-Wimmer GmbH Auf der Schanz 28 2170 Poysdorf Tel.: + 2552\/20369 Fax.: DW 1 E-Mail: office@huglwimmer.at Online-Streitbeilegung gem\u00e4\u00df Art. 14 Abs. 1 ODR-VO: Die Europ\u00e4ische Kommission stellt eine Plattform zur Online-Streitbeilegung (OS) unter https:\/\/ec.europa.eu\/consumers\/odr\/ bereit. Informationspflicht lt. ECG und Mediengesetz auf wko.at Fotonachweise Layout &amp; Konzeption: Ingrid Beisser...","protected":false},"author":1,"featured_media":0,"parent":0,"menu_order":0,"comment_status":"closed","ping_status":"closed","template":"","meta":{"footnotes":""},"class_list":["post-22806","page","type-page","status-publish","hentry"],"_links":{"self":[{"href":"https:\/\/www.huglwimmer.at\/ca\/wp-json\/wp\/v2\/pages\/22806","targetHints":{"allow":["GET"]}}],"collection":[{"href":"https:\/\/www.huglwimmer.at\/ca\/wp-json\/wp\/v2\/pages"}],"about":[{"href":"https:\/\/www.huglwimmer.at\/ca\/wp-json\/wp\/v2\/types\/page"}],"author":[{"embeddable":true,"href":"https:\/\/www.huglwimmer.at\/ca\/wp-json\/wp\/v2\/users\/1"}],"replies":[{"embeddable":true,"href":"https:\/\/www.huglwimmer.at\/ca\/wp-json\/wp\/v2\/comments?post=22806"}],"version-history":[{"count":20,"href":"https:\/\/www.huglwimmer.at\/ca\/wp-json\/wp\/v2\/pages\/22806\/revisions"}],"predecessor-version":[{"id":24574,"href":"https:\/\/www.huglwimmer.at\/ca\/wp-json\/wp\/v2\/pages\/22806\/revisions\/24574"}],"wp:attachment":[{"href":"https:\/\/www.huglwimmer.at\/ca\/wp-json\/wp\/v2\/media?parent=22806"}],"curies":[{"name":"wp","href":"https:\/\/api.w.org\/{rel}","templated":true}]}}