{"id":23100,"date":"2018-02-05T10:24:20","date_gmt":"2018-02-05T09:24:20","guid":{"rendered":"http:\/\/huglwimmer.at.cloud3-vm432.server-routing.com\/?page_id=23100"},"modified":"2020-06-19T10:59:28","modified_gmt":"2020-06-19T08:59:28","slug":"newsletter","status":"publish","type":"page","link":"https:\/\/www.huglwimmer.at\/ca\/newsletter\/","title":{"rendered":"Newsletter"},"content":{"rendered":"<section class=\"l-section wpb_row height_auto width_full color_alternate\"><div class=\"l-section-h i-cf\"><div class=\"g-cols vc_row via_flex valign_top type_default stacking_default\"><div class=\"vc_col-sm-12 wpb_column vc_column_container\"><div class=\"vc_column-inner\"><div class=\"wpb_wrapper\">[rev_slider_vc alias=&#8221;newsletter&#8221;]<\/div><\/div><\/div><\/div><\/div><\/section><section class=\"l-section wpb_row submenu height_auto color_footer-bottom type_sticky\"><div class=\"l-section-h i-cf\"><div class=\"g-cols vc_row via_flex valign_top type_default stacking_default\"><div class=\"vc_col-sm-12 wpb_column vc_column_container\"><div class=\"vc_column-inner\"><div class=\"wpb_wrapper\"><nav class=\"w-menu layout_hor style_blocks not_responsive us_menu_3\" style=\"--main-ver-indent:0.8em;--main-hor-indent:0.8em;--main-color:inherit;--main-active-bg-color:#ece0d0;--main-active-color:#fff;\"><ul id=\"menu-submenu-newsletter-2\" class=\"menu\"><li class=\"menu-item menu-item-type-custom menu-item-object-custom menu-item-23106\"><a href=\"#newsletter\">NEWSLETTER<\/a><\/li><\/ul><\/nav><\/div><\/div><\/div><\/div><\/div><\/section><section class=\"l-section wpb_row height_medium\" id=\"galerie1\"><div class=\"l-section-h i-cf\"><div class=\"g-cols vc_row via_flex valign_top type_default stacking_default\"><div class=\"vc_col-sm-12 wpb_column vc_column_container\"><div class=\"vc_column-inner\"><div class=\"wpb_wrapper\"><div class=\"wpb_text_column\"><div class=\"wpb_wrapper\"><h1>P\u0159ihl\u00e1sit se k odb\u011bru newsletteru<\/h1>\n<\/div><\/div><\/div><\/div><\/div><\/div><\/div><\/section><section class=\"l-section wpb_row height_medium\"><div class=\"l-section-h i-cf\"><div class=\"g-cols vc_row via_flex valign_top type_default stacking_default\"><div class=\"vc_col-sm-12 wpb_column vc_column_container\"><div class=\"vc_column-inner\"><div class=\"wpb_wrapper\">[vc_raw_js]JTNDc2NyaXB0JTIwaWQlM0QlMjJuMmdfc2NyaXB0JTIyJTNFJTBBJTIxZnVuY3Rpb24lMjhlJTJDdCUyQ24lMkNjJTJDciUyQ2ElMkNpJTI5JTdCZS5OZXdzbGV0dGVyMkdvVHJhY2tpbmdPYmplY3QlM0RyJTJDZSU1QnIlNUQlM0RlJTVCciU1RCU3QyU3Q2Z1bmN0aW9uJTI4JTI5JTdCJTI4ZSU1QnIlNUQucSUzRGUlNUJyJTVELnElN0MlN0MlNUIlNUQlMjkucHVzaCUyOGFyZ3VtZW50cyUyOSU3RCUyQ2UlNUJyJTVELmwlM0QxJTJBbmV3JTIwRGF0ZSUyQ2ElM0R0LmNyZWF0ZUVsZW1lbnQlMjhuJTI5JTJDaSUzRHQuZ2V0RWxlbWVudHNCeVRhZ05hbWUlMjhuJTI5JTVCMCU1RCUyQ2EuYXN5bmMlM0QxJTJDYS5zcmMlM0RjJTJDaS5wYXJlbnROb2RlLmluc2VydEJlZm9yZSUyOGElMkNpJTI5JTdEJTI4d2luZG93JTJDZG9jdW1lbnQlMkMlMjJzY3JpcHQlMjIlMkMlMjJodHRwcyUzQSUyRiUyRnN0YXRpYy5uZXdzbGV0dGVyMmdvLmNvbSUyRnV0aWxzLmpzJTIyJTJDJTIybjJnJTIyJTI5JTNCJTBBbjJnJTI4JTI3Y3JlYXRlJTI3JTJDJTIwJTI3Zzc2c2V3YWYtczhhMXVodjctNjVrJTI3JTI5JTNCJTBBbjJnJTI4JTI3c3Vic2NyaWJlJTNBY3JlYXRlRm9ybSUyNyUyOSUzQiUwQSUzQyUyRnNjcmlwdCUzRQ==[\/vc_raw_js]<\/div><\/div><\/div><\/div><\/div><\/section>","protected":false},"excerpt":{"rendered":"[rev_slider_vc alias=\"newsletter\"]NEWSLETTERP\u0159ihl\u00e1sit se k odb\u011bru newsletteru [vc_raw_js]JTNDc2NyaXB0JTIwaWQlM0QlMjJuMmdfc2NyaXB0JTIyJTNFJTBBJTIxZnVuY3Rpb24lMjhlJTJDdCUyQ24lMkNjJTJDciUyQ2ElMkNpJTI5JTdCZS5OZXdzbGV0dGVyMkdvVHJhY2tpbmdPYmplY3QlM0RyJTJDZSU1QnIlNUQlM0RlJTVCciU1RCU3QyU3Q2Z1bmN0aW9uJTI4JTI5JTdCJTI4ZSU1QnIlNUQucSUzRGUlNUJyJTVELnElN0MlN0MlNUIlNUQlMjkucHVzaCUyOGFyZ3VtZW50cyUyOSU3RCUyQ2UlNUJyJTVELmwlM0QxJTJBbmV3JTIwRGF0ZSUyQ2ElM0R0LmNyZWF0ZUVsZW1lbnQlMjhuJTI5JTJDaSUzRHQuZ2V0RWxlbWVudHNCeVRhZ05hbWUlMjhuJTI5JTVCMCU1RCUyQ2EuYXN5bmMlM0QxJTJDYS5zcmMlM0RjJTJDaS5wYXJlbnROb2RlLmluc2VydEJlZm9yZSUyOGElMkNpJTI5JTdEJTI4d2luZG93JTJDZG9jdW1lbnQlMkMlMjJzY3JpcHQlMjIlMkMlMjJodHRwcyUzQSUyRiUyRnN0YXRpYy5uZXdzbGV0dGVyMmdvLmNvbSUyRnV0aWxzLmpzJTIyJTJDJTIybjJnJTIyJTI5JTNCJTBBbjJnJTI4JTI3Y3JlYXRlJTI3JTJDJTIwJTI3Zzc2c2V3YWYtczhhMXVodjctNjVrJTI3JTI5JTNCJTBBbjJnJTI4JTI3c3Vic2NyaWJlJTNBY3JlYXRlRm9ybSUyNyUyOSUzQiUwQSUzQyUyRnNjcmlwdCUzRQ==[\/vc_raw_js]","protected":false},"author":1,"featured_media":0,"parent":0,"menu_order":0,"comment_status":"closed","ping_status":"closed","template":"","meta":{"footnotes":""},"class_list":["post-23100","page","type-page","status-publish","hentry"],"_links":{"self":[{"href":"https:\/\/www.huglwimmer.at\/ca\/wp-json\/wp\/v2\/pages\/23100","targetHints":{"allow":["GET"]}}],"collection":[{"href":"https:\/\/www.huglwimmer.at\/ca\/wp-json\/wp\/v2\/pages"}],"about":[{"href":"https:\/\/www.huglwimmer.at\/ca\/wp-json\/wp\/v2\/types\/page"}],"author":[{"embeddable":true,"href":"https:\/\/www.huglwimmer.at\/ca\/wp-json\/wp\/v2\/users\/1"}],"replies":[{"embeddable":true,"href":"https:\/\/www.huglwimmer.at\/ca\/wp-json\/wp\/v2\/comments?post=23100"}],"version-history":[{"count":26,"href":"https:\/\/www.huglwimmer.at\/ca\/wp-json\/wp\/v2\/pages\/23100\/revisions"}],"predecessor-version":[{"id":24148,"href":"https:\/\/www.huglwimmer.at\/ca\/wp-json\/wp\/v2\/pages\/23100\/revisions\/24148"}],"wp:attachment":[{"href":"https:\/\/www.huglwimmer.at\/ca\/wp-json\/wp\/v2\/media?parent=23100"}],"curies":[{"name":"wp","href":"https:\/\/api.w.org\/{rel}","templated":true}]}}