{"id":23874,"date":"2018-05-17T14:37:56","date_gmt":"2018-05-17T12:37:56","guid":{"rendered":"https:\/\/www.huglwimmer.at\/?page_id=23874"},"modified":"2025-12-03T10:38:35","modified_gmt":"2025-12-03T09:38:35","slug":"datenschutz","status":"publish","type":"page","link":"https:\/\/www.huglwimmer.at\/ca\/datenschutz\/","title":{"rendered":"Datenschutz"},"content":{"rendered":"<section class=\"l-section wpb_row height_auto width_full color_alternate\"><div class=\"l-section-h i-cf\"><div class=\"g-cols vc_row via_flex valign_top type_default stacking_default\"><div class=\"vc_col-sm-12 wpb_column vc_column_container\"><div class=\"vc_column-inner\"><div class=\"wpb_wrapper\">[rev_slider_vc alias=&#8221;impressum&#8221;]<\/div><\/div><\/div><\/div><\/div><\/section><section class=\"l-section wpb_row height_medium\" id=\"familie\"><div class=\"l-section-h i-cf\"><div class=\"g-cols vc_row via_flex valign_top type_default stacking_default\"><div class=\"vc_col-sm-12 wpb_column vc_column_container\"><div class=\"vc_column-inner\"><div class=\"wpb_wrapper\"><div class=\"wpb_text_column\"><div class=\"wpb_wrapper\"><h1>Datenschutzerkl\u00e4rung<\/h1>\n<\/div><\/div><div class=\"g-cols wpb_row via_flex valign_top type_default stacking_default\"><div class=\"vc_col-sm-12 wpb_column vc_column_container\"><div class=\"vc_column-inner\"><div class=\"wpb_wrapper\"><div class=\"wpb_text_column\"><div class=\"wpb_wrapper\"><p>Der Schutz Ihrer pers\u00f6nlichen Daten ist uns ein besonderes Anliegen. Wir verarbeiten Ihre Daten daher ausschlie\u00dflich auf Grundlage der gesetzlichen Bestimmungen (DSGVO, TKG 2003). In diesen Datenschutzinformationen informieren wir Sie \u00fcber die wichtigsten Aspekte der Datenverarbeitung im Rahmen unserer Website.<\/p>\n<p><span>[borlabs-cookie type=&#8221;btn-consent-preferences&#8221; title=&#8221;Cookie Einstellungen anpassen&#8221;\/]<\/span><\/p>\n<p>&nbsp;<\/p>\n<p><strong>Kontakt mit uns<\/strong><br \/>\nWenn Sie per Formular auf der Website oder per E-Mail Kontakt mit uns aufnehmen, werden Ihre angegebenen Daten zwecks Bearbeitung der Anfrage und f\u00fcr den Fall von Anschlussfragen sechs Monate bei uns gespeichert. Diese Daten geben wir nicht ohne Ihre Einwilligung weiter.<\/p>\n<h3>Hosting bei HostProfis<\/h3>\n<p>Unsere Website wird von HostProfis ISP Telekom GmbH (Rennweg 9, 9587 Riegersdorf, \u00d6sterreich) gehostet. Wir haben mit HostProfis einen Auftragsverarbeitungsvertrag (Art.\u202f28 DSGVO) geschlossen, um sicherzustellen, dass Ihre personenbezogenen Daten dort nach den gesetzlichen Vorgaben verarbeitet werden. Weitere Informationen zum Datenschutz bei HostProfis finden Sie unter: https:\/\/www.hostprofis.com\/web\/data-protection<\/p>\n<p>Server-Logfiles &amp; IP-Anonymisierung<\/p>\n<ul>\n<li>Automatische Erfassung: Bei jedem Zugriff auf unsere Website werden automatisch Informationen in Server-Logfiles gespeichert (z.\u202fB. Apache Access Log, Error Log, FTP Access Log, E-Mail Logs). Diese enthalten unter anderem Datum und Uhrzeit des Zugriffs, Name und URL der abgerufenen Datei, Referrer-URL, Browser- und Systeminformationen sowie eine IP-Adresse.<\/li>\n<li>Speicherdauer: Laut HostProfis werden diese Logfiles f\u00fcr 31\u202fTage r\u00fcckwirkend gespeichert und anschlie\u00dfend automatisiert gel\u00f6scht. Authentifizierungs-Logfiles (z.\u202fB. Anmeldeversuche) werden f\u00fcr 90\u202fTage aufbewahrt<\/li>\n<li>\u00a0IP-Anonymisierung: Wir haben bei HostProfis die Option zur IP-Adressen-Anonymisierung aktiviert.<\/li>\n<\/ul>\n<h3>Verendete Systeme &amp; Plugins<\/h3>\n<p><strong>Verwendung von WordPress<\/strong><br \/>\nDiese Website basiert auf dem Content-Management-System (CMS) WordPress, das von der WordPress Foundation (660 4th Street, San Francisco, CA 94107, USA) entwickelt wurde.<\/p>\n<p>Cookies: WordPress verwendet technisch notwendige Cookies, um z.\u202fB. Logins zu erm\u00f6glichen oder Nutzerpr\u00e4ferenzen zu speichern.<br \/>\nWP Emojis: Externe Ressourcen von wordpress.org k\u00f6nnen geladen werden, wobei die IP-Adresse an Server in den USA \u00fcbertragen werden kann.<\/p>\n<p><strong>Borlabs Cookie<\/strong><br \/>\nDiese Website verwendet Borlabs Cookie, das ein technisch notwendiges Cookie (borlabs-cookie) setzt, um Ihre Cookie-Einwilligungen zu speichern.<br \/>\nBorlabs Cookie verarbeitet keinerlei personenbezogenen Daten.<br \/>\nIm Cookie borlabs-cookie werden Ihre Einwilligungen gespeichert, die Sie beim Betreten der Website gegeben haben. M\u00f6chten Sie diese Einwilligungen widerrufen, l\u00f6schen Sie einfach das Cookie in Ihrem Browser. Wenn Sie die Website neu betreten\/neu laden, werden Sie erneut nach Ihrer Cookie-Einwilligung gefragt.<\/p>\n<p><strong>Web-Analyse<\/strong><br \/>\nUnsere Website verwendet Funktionen des Webanalysedienstes bei HostProfis ISP Telekom GmbH (Firmensitz \u00d6sterreich). Dazu werden Cookies verwendet, die eine Analyse der Benutzung der Website durch Ihre Benutzer erm\u00f6glicht. Die dadurch erzeugten Informationen werden auf den Server des Anbieters \u00fcbertragen und dort gespeichert.<br \/>\nSie k\u00f6nnen dies verhindern, indem Sie Ihren Browser so einrichten, dass keine Cookies gespeichert werden. Ihre IP-Adresse wird erfasst, aber umgehend durch L\u00f6schung der letzten 8 Bit pseudonymisiert. Dadurch ist nur mehr eine grobe Lokalisierung m\u00f6glich. Es werden keine Daten ins EU-Ausland \u00fcbertragen.<br \/>\nDie Datenverarbeitung erfolgt auf Basis der gesetzlichen Bestimmungen des \u00a7 96 Abs 3 TKG sowie des Art 6 Abs 1 lit a (Einwilligung) und\/oder f (berechtigtes Interesse) der DSGVO.<br \/>\nUnser Anliegen im Sinne der DSGVO (berechtigtes Interesse) ist die Verbesserung unseres Angebotes und unseres Webauftritts. Da uns die Privatsph\u00e4re unserer Nutzer wichtig ist, werden die Nutzerdaten pseudonymisiert.<br \/>\nDie Nutzerdaten werden f\u00fcr die Dauer von 1 Jahr aufbewahrt.<\/p>\n<p><strong>Newsletter<\/strong><br \/>\nSie haben die M\u00f6glichkeit, \u00fcber unsere Website unseren Newsletter zu abonnieren. Hierf\u00fcr ben\u00f6tigen wir Ihre E-Mail-Adresse und ihre Erkl\u00e4rung, dass Sie mit dem Bezug des Newsletters einverstanden sind.<br \/>\nUm Sie zielgerichtet mit Informationen zu versorgen, erheben und verarbeiten wir au\u00dferdem freiwillig gemachte Angaben.<br \/>\nSobald Sie sich f\u00fcr den Newsletter angemeldet haben, senden wir Ihnen ein Best\u00e4tigungs-E-Mail mit einem Link zur Best\u00e4tigung der Anmeldung.<br \/>\nDas Abo des Newsletters k\u00f6nnen Sie jederzeit stornieren. Im Newsletter finden Sie unten einen Link der direkt zur Abmeldeseite f\u00fchrt oder senden Sie Ihre Stornierung bitte an folgende E-Mail-Adresse: <a href=\"mailto:office@huglwimmer.at\">office@huglwimmer.at<\/a><br \/>\nWir l\u00f6schen anschlie\u00dfend umgehend Ihre Daten im Zusammenhang mit dem Newsletter-Versand.<\/p>\n<p><strong>Google Fonts Datenschutzerkl\u00e4rung<\/strong><br \/>\nWir verwenden Google Fonts der Firma Google Inc. (1600 Amphitheatre Parkway Mountain View, CA 94043, USA) auf unserer Webseite. Die Verwendung von Google Fonts erfolgt ohne Authentisierung und es werden keine Cookies and die Google Fonts API gesendet. Sollten Sie ein Konto bei Google haben, werden keine Ihrer Google-Kontodaten an Google w\u00e4hrend der Nutzung von Google Fonts \u00fcbermittelt. Google erfasst lediglich die Nutzung von CSS und der verwendeten Fonts und speichert diese Daten sicher. Mehr zu diesen und weiteren Fragen finden Sie auf <a href=\"https:\/\/developers.google.com\/fonts\/faq\" target=\"_blank\" rel=\"noopener noreferrer\">https:\/\/developers.google.com\/fonts\/faq<\/a>.<br \/>\nWelche Daten von Google erfasst werden und wof\u00fcr diese Daten verwendet werden, k\u00f6nnen Sie auf <a href=\"https:\/\/www.google.com\/intl\/de\/policies\/privacy\/\" target=\"_blank\" rel=\"noopener noreferrer\">https:\/\/www.google.com\/intl\/de\/policies\/privacy\/<\/a> nachlesen.<\/p>\n<p><strong>Smash Balloon Plugin<\/strong><br \/>\nWir verwenden auf unserer Website das Plugin Smash Balloon, um Social-Media-Inhalte, insbesondere von Facebook, anzuzeigen. Betreiber des Plugins ist Smash Balloon LLC.<\/p>\n<p>Datenverarbeitung:<br \/>\n\u2022 Automatische Erfassung: Beim Laden der Social-Media-Inhalte stellt Ihr Browser eine Verbindung zu den Servern der jeweiligen Social-Media-Plattformen her (z.\u202fB. Facebook). Dabei wird Ihre IP-Adresse an diese Plattformen \u00fcbermittelt.<br \/>\n\u2022 Externe Skripte: Das Plugin kann externe Skripte laden, um die Social-Media-Inhalte korrekt darzustellen. Diese Skripte k\u00f6nnen Daten wie Ihre IP-Adresse erfassen.<br \/>\n\u2022 Cookies: Das Plugin selbst setzt keine Cookies zur Speicherung personenbezogener Daten. Allerdings k\u00f6nnen eingebettete Social-Media-Inhalte (z.\u202fB. Facebook-Like-Buttons) Cookies verwenden, um das Nutzerverhalten zu analysieren.<\/p>\n<p>Rechtsgrundlage: Einwilligung (Art. 6 Abs. 1 lit. a DSGVO): Die Einbindung der Social-Media-Inhalte erfolgt nur mit Ihrer ausdr\u00fccklichen Zustimmung, die Sie \u00fcber unser Cookie-Banner erteilen k\u00f6nnen.<\/p>\n<p>Weitere Informationen: Smash Balloon Datenschutzrichtlinie:<span>\u00a0<\/span><a href=\"https:\/\/smashballoon.com\/gdpr-and-our-plugins\/\" target=\"_blank\" rel=\"noopener\">https:\/\/smashballoon.com\/gdpr-and-our-plugins\/<\/a><br \/>\nFacebook Datenschutzrichtlinie:<span>\u00a0<\/span><a href=\"https:\/\/www.facebook.com\/about\/privacy\/\" target=\"_blank\" rel=\"noopener\">https:\/\/www.facebook.com\/about\/privacy\/<\/a><\/p>\n<p><strong>Wordfence Datenschutzerkl\u00e4rung<\/strong><br \/>\nWir verwenden Wordfence der Firma Defiant Inc. (800 5th Ave., Suite 4100, Seattle, WA 98104, USA) auf unserer Website um Sie vor Hackern zu sch\u00fctzen. Wenn Sie als normaler Besucher unserer Website surfen oder offiziellen Links folgen, die auf anderen Websites und in E-Mails ver\u00f6ffentlicht sind, wird Ihre IP-Adresse nicht an Wordfence gesendet.<\/p>\n<p>Nur wenn Sie ein b\u00f6sartiges Verhalten zeigen (z. B. ein f\u00fcr Hacker typisches Browsing-Muster, versuchen, unsere Website mit manipulierten URLs zu hacken oder versuchen, auf Verwaltungsseiten zuzugreifen, die nicht \u00f6ffentlich zug\u00e4nglich sind), sendet Wordfence Ihre IP-Adresse an Server ausserhalb der EU, um den Service im Interesse der Sicherheit im Internet zu verbessern und f\u00fcgt die IP-Adresse der Wordfence Blacklist hinzu. Wenn die Angriffe auf die Webseite aufh\u00f6ren wird die IP Adresse umgehend nach 48 Stunden entfernt.<br \/>\nDie Datenschutzrichtlinien von Wordfence k\u00f6nnen Sie auf <a href=\"https:\/\/www.wordfence.com\/terms-of-use\/\" target=\"_blank\" rel=\"noopener noreferrer\">https:\/\/www.wordfence.com\/terms-of-use\/<\/a> und auf <a href=\"https:\/\/www.wordfence.com\/privacy-policy\/\" target=\"_blank\" rel=\"noopener noreferrer\">https:\/\/www.wordfence.com\/privacy-policy\/<\/a> nachlesen.<\/p>\n<p><strong>Google Maps Datenschutzerkl\u00e4rung<\/strong><br \/>\nWir verwenden Google Maps der Firma Google Inc. (1600 Amphitheatre Parkway Mountain View, CA 94043, USA) auf unserer Webseite.<br \/>\nDurch die Nutzung der Funktionen dieser Karte werden Daten an Google \u00fcbertragen. Welche Daten von Google erfasst werden und wof\u00fcr diese Daten verwendet werden, k\u00f6nnen Sie auf <a href=\"https:\/\/www.google.com\/intl\/de\/policies\/privacy\/\" target=\"_blank\" rel=\"noopener noreferrer\">https:\/\/www.google.com\/intl\/de\/policies\/privacy\/<\/a> nachlesen.<\/p>\n<p><strong>Verwendung von qTranslate XT<\/strong><br \/>\nUnsere Website nutzt das Plugin qTranslate XT, um Inhalte mehrsprachig darzustellen. Dabei wird ein Funktions-Cookie gespeichert, das lediglich die gew\u00e4hlte Sprache festh\u00e4lt:<\/p>\n<ul>\n<li>qtrans_frontend_language \u2013 speichert die bevorzugte Sprache des Nutzers (Speicherdauer: bis zu 1 Jahr).<\/li>\n<\/ul>\n<p>Dieses Cookie enth\u00e4lt keine personenbezogenen Daten. Eine Datenweitergabe an Dritte findet nicht statt. Die Nutzung erfolgt auf Grundlage unseres berechtigten Interesses an einer nutzerfreundlichen, mehrsprachigen Darstellung gem\u00e4\u00df Art. 6 Abs. 1 lit. f DSGVO.<\/p>\n<h3>Ihre Rechte als betroffene Person<\/h3>\n<p>Sie haben gem\u00e4\u00df DSGVO folgende Rechte:<\/p>\n<p>\u2022 Auskunft (Art. 15 DSGVO) \u2013 Welche Daten verarbeiten wir \u00fcber Sie?<br \/>\n\u2022 Berichtigung (Art. 16 DSGVO) \u2013 Korrektur unrichtiger Daten<br \/>\n\u2022 L\u00f6schung (Art. 17 DSGVO) \u2013 \u201eRecht auf Vergessenwerden\u201c<br \/>\n\u2022 Einschr\u00e4nkung der Verarbeitung (Art. 18 DSGVO)<br \/>\n\u2022 Daten\u00fcbertragbarkeit (Art. 20 DSGVO)<br \/>\n\u2022 Widerspruch (Art. 21 DSGVO)<br \/>\n\u2022 Widerruf einer Einwilligung (Art. 7 Abs. 3 DSGVO)<\/p>\n<p>Zur Aus\u00fcbung dieser Rechte kontaktieren Sie uns bitte unter<\/p>\n<p>Auf der Schanz 28<br \/>\n2170 Poysdorf<br \/>\nTel.: + 2552\/20369<br \/>\nFax.: DW 1<br \/>\nE-Mail: <a href=\"mailto:office@huglwimmer.at\">office@huglwimmer.at<\/a><\/p>\n<h3>Beschwerderecht bei der Datenschutzbeh\u00f6rde<\/h3>\n<p>Wenn Sie der Meinung sind, dass die Verarbeitung Ihrer Daten gegen die DSGVO verst\u00f6\u00dft, k\u00f6nnen Sie sich an die \u00f6sterreichische Datenschutzbeh\u00f6rde wenden:<\/p>\n<p>\u00d6sterreichische Datenschutzbeh\u00f6rde<br \/>\nBarichgasse 40-42<br \/>\n1030 Wien<br \/>\nTelefon: +43 1 52 152-0<br \/>\nE-Mail: dsb@dsb.gv.at<br \/>\nWebsite: https:\/\/www.dsb.gv.at<\/p>\n<h3>Aktualit\u00e4t und \u00c4nderungen dieser Datenschutzerkl\u00e4rung<\/h3>\n<p>Diese Datenschutzerkl\u00e4rung hat den Stand Dezember 2025<\/p>\n<\/div><\/div><\/div><\/div><\/div><\/div><\/div><\/div><\/div><\/div><\/div><\/section><section class=\"l-section wpb_row height_auto\"><div class=\"l-section-h i-cf\"><div class=\"g-cols vc_row via_flex valign_top type_default stacking_default\"><div class=\"vc_col-sm-12 wpb_column vc_column_container\"><div class=\"vc_column-inner\"><div class=\"wpb_wrapper\"><div class=\"w-separator size_small with_line width_default thick_2 style_solid color_primary align_center\"><div class=\"w-separator-h\"><\/div><\/div><\/div><\/div><\/div><\/div><\/div><\/section>\n","protected":false},"excerpt":{"rendered":"[rev_slider_vc alias=\"impressum\"]Datenschutzerkl\u00e4rung Der Schutz Ihrer pers\u00f6nlichen Daten ist uns ein besonderes Anliegen. Wir verarbeiten Ihre Daten daher ausschlie\u00dflich auf Grundlage der gesetzlichen Bestimmungen (DSGVO, TKG 2003). In diesen Datenschutzinformationen informieren wir Sie \u00fcber die wichtigsten Aspekte der Datenverarbeitung im Rahmen unserer Website. [borlabs-cookie type=&#8221;btn-consent-preferences&#8221; title=&#8221;Cookie Einstellungen anpassen&#8221;\/] &nbsp; Kontakt mit uns Wenn Sie per Formular...","protected":false},"author":1,"featured_media":0,"parent":0,"menu_order":0,"comment_status":"closed","ping_status":"closed","template":"","meta":{"footnotes":""},"class_list":["post-23874","page","type-page","status-publish","hentry"],"_links":{"self":[{"href":"https:\/\/www.huglwimmer.at\/ca\/wp-json\/wp\/v2\/pages\/23874","targetHints":{"allow":["GET"]}}],"collection":[{"href":"https:\/\/www.huglwimmer.at\/ca\/wp-json\/wp\/v2\/pages"}],"about":[{"href":"https:\/\/www.huglwimmer.at\/ca\/wp-json\/wp\/v2\/types\/page"}],"author":[{"embeddable":true,"href":"https:\/\/www.huglwimmer.at\/ca\/wp-json\/wp\/v2\/users\/1"}],"replies":[{"embeddable":true,"href":"https:\/\/www.huglwimmer.at\/ca\/wp-json\/wp\/v2\/comments?post=23874"}],"version-history":[{"count":26,"href":"https:\/\/www.huglwimmer.at\/ca\/wp-json\/wp\/v2\/pages\/23874\/revisions"}],"predecessor-version":[{"id":24932,"href":"https:\/\/www.huglwimmer.at\/ca\/wp-json\/wp\/v2\/pages\/23874\/revisions\/24932"}],"wp:attachment":[{"href":"https:\/\/www.huglwimmer.at\/ca\/wp-json\/wp\/v2\/media?parent=23874"}],"curies":[{"name":"wp","href":"https:\/\/api.w.org\/{rel}","templated":true}]}}