{"id":22804,"date":"2018-01-26T08:20:26","date_gmt":"2018-01-26T07:20:26","guid":{"rendered":"http:\/\/huglwimmer.at.cloud3-vm432.server-routing.com\/?page_id=22804"},"modified":"2026-01-15T18:05:16","modified_gmt":"2026-01-15T17:05:16","slug":"weinviertel","status":"publish","type":"page","link":"https:\/\/www.huglwimmer.at\/en\/weinviertel\/","title":{"rendered":"Weinviertel"},"content":{"rendered":"<section class=\"l-section wpb_row height_auto width_full color_alternate\"><div class=\"l-section-h i-cf\"><div class=\"g-cols vc_row via_flex valign_top type_default stacking_default\"><div class=\"vc_col-sm-12 wpb_column vc_column_container\"><div class=\"vc_column-inner\"><div class=\"wpb_wrapper\">[rev_slider_vc alias=&#8221;weinviertel&#8221;]<\/div><\/div><\/div><\/div><\/div><\/section><section class=\"l-section wpb_row submenu height_auto color_footer-bottom type_sticky\"><div class=\"l-section-h i-cf\"><div class=\"g-cols vc_row via_flex valign_top type_default stacking_default\"><div class=\"vc_col-sm-12 wpb_column vc_column_container\"><div class=\"vc_column-inner\"><div class=\"wpb_wrapper\"><nav class=\"w-menu layout_hor style_blocks not_responsive us_menu_2\" style=\"--main-ver-indent:0.8em;--main-hor-indent:0.8em;--main-color:inherit;--main-active-bg-color:#000000;--main-active-color:#ffffff;\"><ul id=\"menu-submenu-weinviertel-1\" class=\"menu\"><li class=\"menu-item menu-item-type-custom menu-item-object-custom menu-item-23048\"><a href=\"#heimatland\">HOMELAND<\/a><\/li><li class=\"menu-item menu-item-type-custom menu-item-object-custom menu-item-23051\"><a href=\"#weinviertel\">WEINVIERTEL DAC<\/a><\/li><li class=\"menu-item menu-item-type-custom menu-item-object-custom menu-item-23186\"><a href=\"#weinviertel-tour\">WEINVIERTEL TOUR<\/a><\/li><\/ul><\/nav><\/div><\/div><\/div><\/div><\/div><\/section><section class=\"l-section wpb_row height_medium\" id=\"heimatland\"><div class=\"l-section-h i-cf\"><div class=\"g-cols vc_row via_flex valign_top type_default stacking_default\"><div class=\"vc_col-sm-12 wpb_column vc_column_container\"><div class=\"vc_column-inner\"><div class=\"wpb_wrapper\"><div class=\"wpb_text_column\"><div class=\"wpb_wrapper\"><h1>FEELING AT HOME<\/h1>\n<\/div><\/div><div class=\"g-cols wpb_row via_flex valign_top type_default stacking_default\"><div class=\"vc_col-sm-6 wpb_column vc_column_container\"><div class=\"vc_column-inner\"><div class=\"wpb_wrapper\"><div class=\"wpb_text_column\"><div class=\"wpb_wrapper\"><p>The Weinviertel is the largest wine-producing region in Austria with 13,000 hectares of vineyards. Our wines come from the wine town of Poysdorf, 50 km to the north of Vienna. Wine has been made in this area since the 15th century. Deep-seated loess and loam soils, gently rolling vineyards, high sunshine hours as well as significant diurnal temperature differences give ideal conditions every year for distinctive, fruity wines, in particular for Gr\u00fcner Veltliner.<\/p>\n<\/div><\/div><\/div><\/div><\/div><div class=\"vc_col-sm-6 wpb_column vc_column_container\"><div class=\"vc_column-inner\"><div class=\"wpb_wrapper\"><div class=\"w-image us_custom_b2452879 align_none\"><a ref=\"magnificPopup\" href=\"https:\/\/www.huglwimmer.at\/wp-content\/uploads\/2018\/02\/weinviertel_1.jpg\" aria-label=\"weinviertel_1\" class=\"w-image-h\"><img decoding=\"async\" width=\"768\" height=\"507\" src=\"https:\/\/www.huglwimmer.at\/wp-content\/uploads\/2018\/02\/weinviertel_1-768x507.jpg\" class=\"attachment-us_768_0 size-us_768_0\" alt=\"\" loading=\"lazy\" srcset=\"https:\/\/www.huglwimmer.at\/wp-content\/uploads\/2018\/02\/weinviertel_1-768x507.jpg 768w, https:\/\/www.huglwimmer.at\/wp-content\/uploads\/2018\/02\/weinviertel_1-300x198.jpg 300w, https:\/\/www.huglwimmer.at\/wp-content\/uploads\/2018\/02\/weinviertel_1.jpg 800w\" sizes=\"auto, (max-width: 768px) 100vw, 768px\" \/><\/a><\/div><\/div><\/div><\/div><\/div><\/div><\/div><\/div><\/div><\/div><\/section><section class=\"l-section wpb_row height_auto\"><div class=\"l-section-h i-cf\"><div class=\"g-cols vc_row via_flex valign_top type_default stacking_default\"><div class=\"vc_col-sm-12 wpb_column vc_column_container\"><div class=\"vc_column-inner\"><div class=\"wpb_wrapper\"><div class=\"w-separator size_small with_line width_default thick_2 style_solid color_primary align_center\"><div class=\"w-separator-h\"><\/div><\/div><\/div><\/div><\/div><\/div><\/div><\/section><section class=\"l-section wpb_row height_medium\" id=\"weinviertel\"><div class=\"l-section-h i-cf\"><div class=\"g-cols vc_row via_flex valign_top type_default stacking_default\"><div class=\"vc_col-sm-12 wpb_column vc_column_container\"><div class=\"vc_column-inner\"><div class=\"wpb_wrapper\"><div class=\"wpb_text_column\"><div class=\"wpb_wrapper\"><h1>Weinviertel DAC \u2013 The peppery Gr\u00fcner Veltliner<\/h1>\n<\/div><\/div><div class=\"g-cols wpb_row via_flex valign_top type_default stacking_default\"><div class=\"vc_col-sm-6 wpb_column vc_column_container\"><div class=\"vc_column-inner\"><div class=\"wpb_wrapper\"><div class=\"wpb_text_column\"><div class=\"wpb_wrapper\"><p>Weinviertel DAC typically shows the distinct and instantly recognisable character of Gr\u00fcner Veltliner in the Weinviertel with its much-loved \u201cpepperiness\u201d (\u201cPfefferl\u201d in German). DAC means \u201eDistrictusAustriaeControllatus\u201c or \u201econtrolled Austrian designation of origin\u201c.<\/p>\n<p>A Weinviertel DAC can only be a Gr\u00fcner Veltliner from the Weinviertel which demonstrates in blind tastings carried out by an independent wine commission that it has typical regional character.<br \/>\nFurther information about the Weinviertel DAC.<\/p>\n<\/div><\/div><\/div><\/div><\/div><div class=\"vc_col-sm-6 wpb_column vc_column_container\"><div class=\"vc_column-inner\"><div class=\"wpb_wrapper\"><div class=\"w-image us_custom_b2452879 align_none\"><a ref=\"magnificPopup\" href=\"https:\/\/www.huglwimmer.at\/wp-content\/uploads\/2018\/02\/weinviertel_2.jpg\" aria-label=\"weinviertel_2\" class=\"w-image-h\"><img decoding=\"async\" width=\"768\" height=\"507\" src=\"https:\/\/www.huglwimmer.at\/wp-content\/uploads\/2018\/02\/weinviertel_2-768x507.jpg\" class=\"attachment-us_768_0 size-us_768_0\" alt=\"\" loading=\"lazy\" srcset=\"https:\/\/www.huglwimmer.at\/wp-content\/uploads\/2018\/02\/weinviertel_2-768x507.jpg 768w, https:\/\/www.huglwimmer.at\/wp-content\/uploads\/2018\/02\/weinviertel_2-300x198.jpg 300w, https:\/\/www.huglwimmer.at\/wp-content\/uploads\/2018\/02\/weinviertel_2.jpg 800w\" sizes=\"auto, (max-width: 768px) 100vw, 768px\" \/><\/a><\/div><\/div><\/div><\/div><\/div><\/div><\/div><\/div><\/div><\/div><\/section><section class=\"l-section wpb_row height_auto\"><div class=\"l-section-h i-cf\"><div class=\"g-cols vc_row via_flex valign_top type_default stacking_default\"><div class=\"vc_col-sm-12 wpb_column vc_column_container\"><div class=\"vc_column-inner\"><div class=\"wpb_wrapper\"><div class=\"w-separator size_small with_line width_default thick_2 style_solid color_primary align_center\"><div class=\"w-separator-h\"><\/div><\/div><\/div><\/div><\/div><\/div><\/div><\/section><section class=\"l-section wpb_row height_medium\" id=\"weinviertel-tour\"><div class=\"l-section-h i-cf\"><div class=\"g-cols vc_row via_flex valign_top type_default stacking_default\"><div class=\"vc_col-sm-12 wpb_column vc_column_container\"><div class=\"vc_column-inner\"><div class=\"wpb_wrapper\"><div class=\"wpb_text_column\"><div class=\"wpb_wrapper\"><h1>Weinviertel-Tour<\/h1>\n<\/div><\/div><div class=\"g-cols wpb_row via_flex valign_top type_default stacking_default\"><div class=\"vc_col-sm-6 wpb_column vc_column_container\"><div class=\"vc_column-inner\"><div class=\"wpb_wrapper\"><div class=\"wpb_text_column\"><div class=\"wpb_wrapper\"><p>Lust auf einen Abstecher ins Weinviertel?<br \/>\nKlar, es dreht sich alles um den Wein! Die h\u00fcgelige Weinlandschaft erkundet man am besten beim Wandern oder Radfahren auf markierten Wandradwegen. Romantische, idyllische Kellergassen laden zum Verweilen ein. Die Winzer der Stadt Poysdorf \u00f6ffnen von Fr\u00fchling bis Herbst ihre Kellert\u00fcren und freuen sich, ihre Weine zu pr\u00e4sentieren. Von Kellergassenf\u00fchrungen, Stadtrundfahrten \u00fcber F\u00fchrungen durch die Wein + Traubenwelt Poysdorf, bis hin zum Traktorwandern bei dem jeder Gast selbst mit einen Traktor durch die Weinlandschaft tuckern kann bietet Poysdorf ein vielf\u00e4ltiges Angebot f\u00fcr Weingenie\u00dfer, Naturliebhaber und Familien.<br \/>\nDownload vom<br \/>\n<a href=\"https:\/\/www.huglwimmer.at\/wp-content\/uploads\/2020\/01\/VV_Katalog2020_DE_smll.pdf\" target=\"_blank\" rel=\"noopener noreferrer\">Katalog 2020<\/a><br \/>\nN\u00e4here Infos \u00fcber das gesamte touristische Angebot unter<br \/>\n<a href=\"http:\/\/www.vinoversum.at\" target=\"_blank\" rel=\"noopener noreferrer\">www.vinoversum.at<\/a><br \/>\noder weinviertelweit unter<br \/>\n<a href=\"http:\/\/www.weinviertel.at\" target=\"_blank\" rel=\"noopener noreferrer\">www.weinviertel.at<\/a><\/p>\n<\/div><\/div><\/div><\/div><\/div><div class=\"vc_col-sm-6 wpb_column vc_column_container\"><div class=\"vc_column-inner\"><div class=\"wpb_wrapper\"><div class=\"w-image us_custom_b2452879 align_none\"><a ref=\"magnificPopup\" href=\"https:\/\/www.huglwimmer.at\/wp-content\/uploads\/2018\/03\/weinviertel_4.jpg\" aria-label=\"weinviertel_4\" class=\"w-image-h\"><img decoding=\"async\" width=\"768\" height=\"507\" src=\"https:\/\/www.huglwimmer.at\/wp-content\/uploads\/2018\/03\/weinviertel_4-768x507.jpg\" class=\"attachment-us_768_0 size-us_768_0\" alt=\"\" loading=\"lazy\" srcset=\"https:\/\/www.huglwimmer.at\/wp-content\/uploads\/2018\/03\/weinviertel_4.jpg 768w, https:\/\/www.huglwimmer.at\/wp-content\/uploads\/2018\/03\/weinviertel_4-300x198.jpg 300w\" sizes=\"auto, (max-width: 768px) 100vw, 768px\" \/><\/a><\/div><\/div><\/div><\/div><\/div><\/div><\/div><\/div><\/div><\/div><\/section><section class=\"l-section wpb_row height_auto\"><div class=\"l-section-h i-cf\"><div class=\"g-cols vc_row via_flex valign_top type_default stacking_default\"><div class=\"vc_col-sm-12 wpb_column vc_column_container\"><div class=\"vc_column-inner\"><div class=\"wpb_wrapper\"><\/div><\/div><\/div><\/div><\/div><\/section>","protected":false},"excerpt":{"rendered":"[rev_slider_vc alias=\"weinviertel\"]HOMELANDWEINVIERTEL DACWEINVIERTEL TOURFEELING AT HOME The Weinviertel is the largest wine-producing region in Austria with 13,000 hectares of vineyards. Our wines come from the wine town of Poysdorf, 50 km to the north of Vienna. Wine has been made in this area since the 15th century. Deep-seated loess and loam soils, gently rolling vineyards,...","protected":false},"author":1,"featured_media":0,"parent":0,"menu_order":0,"comment_status":"closed","ping_status":"closed","template":"","meta":{"footnotes":""},"class_list":["post-22804","page","type-page","status-publish","hentry"],"_links":{"self":[{"href":"https:\/\/www.huglwimmer.at\/en\/wp-json\/wp\/v2\/pages\/22804","targetHints":{"allow":["GET"]}}],"collection":[{"href":"https:\/\/www.huglwimmer.at\/en\/wp-json\/wp\/v2\/pages"}],"about":[{"href":"https:\/\/www.huglwimmer.at\/en\/wp-json\/wp\/v2\/types\/page"}],"author":[{"embeddable":true,"href":"https:\/\/www.huglwimmer.at\/en\/wp-json\/wp\/v2\/users\/1"}],"replies":[{"embeddable":true,"href":"https:\/\/www.huglwimmer.at\/en\/wp-json\/wp\/v2\/comments?post=22804"}],"version-history":[{"count":51,"href":"https:\/\/www.huglwimmer.at\/en\/wp-json\/wp\/v2\/pages\/22804\/revisions"}],"predecessor-version":[{"id":25011,"href":"https:\/\/www.huglwimmer.at\/en\/wp-json\/wp\/v2\/pages\/22804\/revisions\/25011"}],"wp:attachment":[{"href":"https:\/\/www.huglwimmer.at\/en\/wp-json\/wp\/v2\/media?parent=22804"}],"curies":[{"name":"wp","href":"https:\/\/api.w.org\/{rel}","templated":true}]}}